{"id":386,"date":"2020-12-22T01:46:36","date_gmt":"2020-12-22T01:46:36","guid":{"rendered":"https:\/\/el1.thembaydev.com\/zota_fashion\/?page_id=386"},"modified":"2025-08-30T16:30:48","modified_gmt":"2025-08-30T16:30:48","slug":"contact-us","status":"publish","type":"page","link":"https:\/\/dyfit.uk\/al\/contact-us\/","title":{"rendered":"Kontakt"},"content":{"rendered":"<div data-elementor-type=\"wp-page\" data-elementor-id=\"386\" class=\"elementor elementor-386\">\n\t\t\t\t\t\t<section class=\"elementor-section elementor-top-section elementor-element elementor-element-34af13c0 elementor-section-boxed elementor-section-height-default elementor-section-height-default\" data-id=\"34af13c0\" data-element_type=\"section\">\n\t\t\t\t\t\t<div class=\"elementor-container elementor-column-gap-no\">\n\t\t\t\t\t<div class=\"elementor-column elementor-col-33 elementor-top-column elementor-element elementor-element-4a469b42\" data-id=\"4a469b42\" data-element_type=\"column\">\n\t\t\t<div class=\"elementor-widget-wrap elementor-element-populated\">\n\t\t\t\t\t\t<div class=\"elementor-element elementor-element-c0065bb elementor-hidden-mobile elementor-widget elementor-widget-image\" data-id=\"c0065bb\" data-element_type=\"widget\" data-widget_type=\"image.default\">\n\t\t\t\t\t\t\t\t\t\t\t\t\t\t\t<img fetchpriority=\"high\" decoding=\"async\" width=\"819\" height=\"819\" src=\"https:\/\/dyfit.uk\/wp-content\/uploads\/2025\/08\/logo-black-transparent-.png\" class=\"attachment-full size-full wp-image-5431\" alt=\"\" \/>\t\t\t\t\t\t\t\t\t\t\t\t\t\t\t<\/div>\n\t\t\t\t\t<\/div>\n\t\t<\/div>\n\t\t\t\t<div class=\"elementor-column elementor-col-33 elementor-top-column elementor-element elementor-element-42ec58b\" data-id=\"42ec58b\" data-element_type=\"column\">\n\t\t\t<div class=\"elementor-widget-wrap elementor-element-populated\">\n\t\t\t\t\t\t<div class=\"elementor-element elementor-element-1a05ba25 elementor-widget elementor-widget-tbay-heading\" data-id=\"1a05ba25\" data-element_type=\"widget\" data-widget_type=\"tbay-heading.default\">\n\t\t\t\t<div class=\"elementor-widget-container\">\n\t\t\t\t\t\r\n<div class=\"tbay-element tbay-element-heading\">\r\n\t\t\t\t<h3 class=\"heading-tbay-title\">\r\n\t\t\t\t\t\t\t\t\t<span class=\"title\">Kontakt<\/span>\r\n\t\t\t\t\t    \t\r\n\t\t\t\t\t\t\t<\/h3>\r\n\t\t<\/div>\t\t\t\t<\/div>\n\t\t\t\t<\/div>\n\t\t\t\t<div class=\"elementor-element elementor-element-28e9ebc elementor-widget elementor-widget-tbay-heading\" data-id=\"28e9ebc\" data-element_type=\"widget\" data-widget_type=\"tbay-heading.default\">\n\t\t\t\t<div class=\"elementor-widget-container\">\n\t\t\t\t\t\r\n<div class=\"tbay-element tbay-element-heading\">\r\n\t\t\t\t<h3 class=\"heading-tbay-title\">\r\n\t\t\t\t\t    \t\r\n\t\t\t\t\t\t\t\t\t<span class=\"subtitle\">Ne jemi k\u00ebtu p\u00ebr t\u2019ju ndihmuar! Qoft\u00eb q\u00eb keni pyetje rreth produkteve tona, keni nevoj\u00eb p\u00ebr ndihm\u00eb me porosin\u00eb tuaj, apo thjesht doni t\u00eb na p\u00ebrsh\u00ebndetni, mos hezitoni t\u00eb na kontaktoni.<\/span>\r\n\t\t\t\t\t\t\t<\/h3>\r\n\t\t<\/div>\t\t\t\t<\/div>\n\t\t\t\t<\/div>\n\t\t\t\t\t<\/div>\n\t\t<\/div>\n\t\t\t\t<div class=\"elementor-column elementor-col-33 elementor-top-column elementor-element elementor-element-60b57042\" data-id=\"60b57042\" data-element_type=\"column\">\n\t\t\t<div class=\"elementor-widget-wrap elementor-element-populated\">\n\t\t\t\t\t\t<div class=\"elementor-element elementor-element-802cec5 elementor-widget elementor-widget-image\" data-id=\"802cec5\" data-element_type=\"widget\" data-widget_type=\"image.default\">\n\t\t\t\t\t\t\t\t\t\t\t\t\t\t\t<img decoding=\"async\" width=\"498\" height=\"514\" src=\"https:\/\/dyfit.uk\/wp-content\/uploads\/2021\/02\/dyfit.uk-transparent-logo-498x514.png\" class=\"attachment-large size-large wp-image-4944\" alt=\"\" \/>\t\t\t\t\t\t\t\t\t\t\t\t\t\t\t<\/div>\n\t\t\t\t\t<\/div>\n\t\t<\/div>\n\t\t\t\t\t<\/div>\n\t\t<\/section>\n\t\t\t\t<section class=\"elementor-section elementor-top-section elementor-element elementor-element-41b1b4b4 elementor-section-boxed elementor-section-height-default elementor-section-height-default\" data-id=\"41b1b4b4\" data-element_type=\"section\">\n\t\t\t\t\t\t<div class=\"elementor-container elementor-column-gap-no\">\n\t\t\t\t\t<div class=\"elementor-column elementor-col-100 elementor-top-column elementor-element elementor-element-45e82e62\" data-id=\"45e82e62\" data-element_type=\"column\">\n\t\t\t<div class=\"elementor-widget-wrap elementor-element-populated\">\n\t\t\t\t\t\t<div class=\"elementor-element elementor-element-78e4829f elementor-widget elementor-widget-tbay-heading\" data-id=\"78e4829f\" data-element_type=\"widget\" data-widget_type=\"tbay-heading.default\">\n\t\t\t\t<div class=\"elementor-widget-container\">\n\t\t\t\t\t\r\n<div class=\"tbay-element tbay-element-heading\">\r\n\t\t\t\t<h3 class=\"heading-tbay-title\">\r\n\t\t\t\t\t\t\t\t\t<span class=\"title\">Kontaktoni Me Ne<\/span>\r\n\t\t\t\t\t    \t\r\n\t\t\t\t\t\t\t\t\t<span class=\"subtitle\">Ne e vler\u00ebsojm\u00eb shum\u00eb opinionin tuaj dhe gjithmon\u00eb jemi t\u00eb gatsh\u00ebm t\u2019ju ndihmojm\u00eb me \u00e7do pyetje ose shqet\u00ebsim q\u00eb mund t\u00eb keni. K\u00ebnaq\u00ebsia juaj \u00ebsht\u00eb prioriteti yn\u00eb kryesor, dhe ne p\u00ebrpiqemi t\u00eb ofrojm\u00eb sh\u00ebrbim t\u00eb jasht\u00ebzakonsh\u00ebm p\u00ebr klient\u00ebt n\u00eb \u00e7do hap t\u00eb procesit. Qoft\u00eb q\u00eb keni nevoj\u00eb p\u00ebr ndihm\u00eb n\u00eb zgjedhjen e veshjeve t\u00eb duhura p\u00ebr fitnes, d\u00ebshironi m\u00eb shum\u00eb informacion rreth produkteve tona, k\u00ebrkoni ndihm\u00eb p\u00ebr porosin\u00eb tuaj, apo keni sugjerime se si mund t\u00eb p\u00ebrmir\u00ebsohemi, mos hezitoni t\u00eb na kontaktoni. Ekipi yn\u00eb i dedikuar i suportit \u00ebsht\u00eb k\u00ebtu p\u00ebr t\u00eb siguruar q\u00eb p\u00ebrvoja juaj e blerjes t\u00eb jet\u00eb e qet\u00eb, e k\u00ebndshme dhe pa shqet\u00ebsime.<\/span>\r\n\t\t\t\t\t\t\t<\/h3>\r\n\t\t<\/div>\t\t\t\t<\/div>\n\t\t\t\t<\/div>\n\t\t\t\t<div class=\"elementor-element elementor-element-4450dd9d elementor-position-inline-start elementor-widget__width-initial elementor-view-default elementor-mobile-position-block-start elementor-widget elementor-widget-icon-box\" data-id=\"4450dd9d\" data-element_type=\"widget\" data-widget_type=\"icon-box.default\">\n\t\t\t\t\t\t\t<div class=\"elementor-icon-box-wrapper\">\n\n\t\t\t\t\t\t<div class=\"elementor-icon-box-icon\">\n\t\t\t\t<span  class=\"elementor-icon\">\n\t\t\t\t<i aria-hidden=\"true\" class=\"tb-icon tb-icon-location\"><\/i>\t\t\t\t<\/span>\n\t\t\t<\/div>\n\t\t\t\n\t\t\t\t\t\t<div class=\"elementor-icon-box-content\">\n\n\t\t\t\t\t\t\t\t\t<h3 class=\"elementor-icon-box-title\">\n\t\t\t\t\t\t<span  >\n\t\t\t\t\t\t\tAdresa\t\t\t\t\t\t<\/span>\n\t\t\t\t\t<\/h3>\n\t\t\t\t\n\t\t\t\t\t\t\t\t\t<p class=\"elementor-icon-box-description\">\n\t\t\t\t\t\tD\u00ebrgesa n\u00eb t\u00eb gjith\u00eb bot\u00ebn.\t\t\t\t\t<\/p>\n\t\t\t\t\n\t\t\t<\/div>\n\t\t\t\n\t\t<\/div>\n\t\t\t\t\t\t<\/div>\n\t\t\t\t<div class=\"elementor-element elementor-element-3e41f98d elementor-position-inline-start elementor-widget__width-initial elementor-view-default elementor-mobile-position-block-start elementor-widget elementor-widget-icon-box\" data-id=\"3e41f98d\" data-element_type=\"widget\" data-widget_type=\"icon-box.default\">\n\t\t\t\t\t\t\t<div class=\"elementor-icon-box-wrapper\">\n\n\t\t\t\t\t\t<div class=\"elementor-icon-box-icon\">\n\t\t\t\t<a href=\"mailto:info@dyfit.uk\" class=\"elementor-icon\" tabindex=\"-1\" aria-label=\"Email\">\n\t\t\t\t<i aria-hidden=\"true\" class=\"tb-icon tb-icon-mail\"><\/i>\t\t\t\t<\/a>\n\t\t\t<\/div>\n\t\t\t\n\t\t\t\t\t\t<div class=\"elementor-icon-box-content\">\n\n\t\t\t\t\t\t\t\t\t<h3 class=\"elementor-icon-box-title\">\n\t\t\t\t\t\t<a href=\"mailto:info@dyfit.uk\" >\n\t\t\t\t\t\t\tEmail\t\t\t\t\t\t<\/a>\n\t\t\t\t\t<\/h3>\n\t\t\t\t\n\t\t\t\t\t\t\t\t\t<p class=\"elementor-icon-box-description\">\n\t\t\t\t\t\tinfo@dyfit.uk\t\t\t\t\t<\/p>\n\t\t\t\t\n\t\t\t<\/div>\n\t\t\t\n\t\t<\/div>\n\t\t\t\t\t\t<\/div>\n\t\t\t\t<div class=\"elementor-element elementor-element-70543154 elementor-position-inline-start elementor-widget__width-initial elementor-view-default elementor-mobile-position-block-start elementor-widget elementor-widget-icon-box\" data-id=\"70543154\" data-element_type=\"widget\" data-widget_type=\"icon-box.default\">\n\t\t\t\t\t\t\t<div class=\"elementor-icon-box-wrapper\">\n\n\t\t\t\t\t\t<div class=\"elementor-icon-box-icon\">\n\t\t\t\t<span  class=\"elementor-icon\">\n\t\t\t\t<i aria-hidden=\"true\" class=\"tb-icon tb-icon-timer\"><\/i>\t\t\t\t<\/span>\n\t\t\t<\/div>\n\t\t\t\n\t\t\t\t\t\t<div class=\"elementor-icon-box-content\">\n\n\t\t\t\t\t\t\t\t\t<h3 class=\"elementor-icon-box-title\">\n\t\t\t\t\t\t<span  >\n\t\t\t\t\t\t\tBusiness Hours\t\t\t\t\t\t<\/span>\n\t\t\t\t\t<\/h3>\n\t\t\t\t\n\t\t\t\t\t\t\t\t\t<p class=\"elementor-icon-box-description\">\n\t\t\t\t\t\tOnline: 24\/7\t\t\t\t\t<\/p>\n\t\t\t\t\n\t\t\t<\/div>\n\t\t\t\n\t\t<\/div>\n\t\t\t\t\t\t<\/div>\n\t\t\t\t\t<\/div>\n\t\t<\/div>\n\t\t\t\t\t<\/div>\n\t\t<\/section>\n\t\t\t\t<\/div>","protected":false},"excerpt":{"rendered":"<p>Contact Us We\u2019re here to help! Whether you have questions about our products, need assistance with your order, or just want to say hello, feel free to reach out. Get In Touch We value your feedback and are always ready to assist you with any questions or concerns you may have. Your satisfaction is our &hellip; <a href=\"https:\/\/dyfit.uk\/al\/contact-us\/\" class=\"more-link\">Read More <span class=\"screen-reader-text\">Kontakt<\/span><\/a><\/p>","protected":false},"author":1,"featured_media":0,"parent":0,"menu_order":0,"comment_status":"closed","ping_status":"closed","template":"","meta":{"footnotes":""},"class_list":["post-386","page","type-page","status-publish","hentry"],"aioseo_notices":[],"_links":{"self":[{"href":"https:\/\/dyfit.uk\/al\/wp-json\/wp\/v2\/pages\/386","targetHints":{"allow":["GET"]}}],"collection":[{"href":"https:\/\/dyfit.uk\/al\/wp-json\/wp\/v2\/pages"}],"about":[{"href":"https:\/\/dyfit.uk\/al\/wp-json\/wp\/v2\/types\/page"}],"author":[{"embeddable":true,"href":"https:\/\/dyfit.uk\/al\/wp-json\/wp\/v2\/users\/1"}],"replies":[{"embeddable":true,"href":"https:\/\/dyfit.uk\/al\/wp-json\/wp\/v2\/comments?post=386"}],"version-history":[{"count":15,"href":"https:\/\/dyfit.uk\/al\/wp-json\/wp\/v2\/pages\/386\/revisions"}],"predecessor-version":[{"id":5524,"href":"https:\/\/dyfit.uk\/al\/wp-json\/wp\/v2\/pages\/386\/revisions\/5524"}],"wp:attachment":[{"href":"https:\/\/dyfit.uk\/al\/wp-json\/wp\/v2\/media?parent=386"}],"curies":[{"name":"wp","href":"https:\/\/api.w.org\/{rel}","templated":true}]}}