{"id":5569,"date":"2025-09-24T07:17:59","date_gmt":"2025-09-24T07:17:59","guid":{"rendered":"https:\/\/dyfit.uk\/?page_id=5569"},"modified":"2025-09-24T07:31:55","modified_gmt":"2025-09-24T07:31:55","slug":"return-exchange-policy","status":"publish","type":"page","link":"https:\/\/dyfit.uk\/al\/return-exchange-policy\/","title":{"rendered":"Politika e Kthimeve dhe K\u00ebmbimeve"},"content":{"rendered":"<div data-elementor-type=\"wp-page\" data-elementor-id=\"5569\" class=\"elementor elementor-5569\">\n\t\t\t\t<div class=\"elementor-element elementor-element-f0324c1 e-flex e-con-boxed e-con e-parent\" data-id=\"f0324c1\" data-element_type=\"container\">\n\t\t\t\t\t<div class=\"e-con-inner\">\n\t\t\t\t<div class=\"elementor-element elementor-element-359ca1e elementor-widget elementor-widget-text-editor\" data-id=\"359ca1e\" data-element_type=\"widget\" data-widget_type=\"text-editor.default\">\n\t\t\t\t\t\t\t\t\t<p>N\u00eb DYFIT gjithmon\u00eb p\u00ebrpiqemi t\u00eb b\u00ebhemi pjes\u00eb e garderob\u00ebs suaj me veshje q\u00eb do t\u2019i dashuroni dhe do t\u2019i vishni her\u00eb pas here. Para se t\u00eb vendosni t\u00eb b\u00ebni pjes\u00eb t\u00eb p\u00ebrditshm\u00ebris\u00eb suaj, ju rekomandojm\u00eb t\u00eb lexoni me kujdes politikat tona t\u00eb k\u00ebmbimit dhe kthimit.<\/p>\t\t\t\t\t\t\t\t<\/div>\n\t\t\t\t<div class=\"elementor-element elementor-element-c1e58ea elementor-widget elementor-widget-tbay-heading\" data-id=\"c1e58ea\" data-element_type=\"widget\" data-widget_type=\"tbay-heading.default\">\n\t\t\t\t<div class=\"elementor-widget-container\">\n\t\t\t\t\t\r\n<div class=\"tbay-element tbay-element-heading\">\r\n\t\t\t\t<h3 class=\"heading-tbay-title\">\r\n\t\t\t\t\t\t\t\t\t<span class=\"title\">KTHIME<\/span>\r\n\t\t\t\t\t    \t\r\n\t\t\t\t\t\t\t<\/h3>\r\n\t\t<\/div>\t\t\t\t<\/div>\n\t\t\t\t<\/div>\n\t\t\t\t<div class=\"elementor-element elementor-element-6f79f82 elementor-widget elementor-widget-text-editor\" data-id=\"6f79f82\" data-element_type=\"widget\" data-widget_type=\"text-editor.default\">\n\t\t\t\t\t\t\t\t\t<div dir=\"auto\">Ne nuk pranojm\u00eb kthime. T\u00eb gjitha blerjet jan\u00eb p\u00ebrfundimtare.<\/div>\t\t\t\t\t\t\t\t<\/div>\n\t\t\t\t<div class=\"elementor-element elementor-element-6077123 elementor-widget elementor-widget-tbay-heading\" data-id=\"6077123\" data-element_type=\"widget\" data-widget_type=\"tbay-heading.default\">\n\t\t\t\t<div class=\"elementor-widget-container\">\n\t\t\t\t\t\r\n<div class=\"tbay-element tbay-element-heading\">\r\n\t\t\t\t<h3 class=\"heading-tbay-title\">\r\n\t\t\t\t\t\t\t\t\t<span class=\"title\">K\u00cbMBIME<\/span>\r\n\t\t\t\t\t    \t\r\n\t\t\t\t\t\t\t<\/h3>\r\n\t\t<\/div>\t\t\t\t<\/div>\n\t\t\t\t<\/div>\n\t\t\t\t<div class=\"elementor-element elementor-element-b32d93c elementor-widget elementor-widget-text-editor\" data-id=\"b32d93c\" data-element_type=\"widget\" data-widget_type=\"text-editor.default\">\n\t\t\t\t\t\t\t\t\t<div dir=\"auto\"><div dir=\"auto\">\u2981 Ofrojm\u00eb k\u00ebmbim t\u00eb produktit n\u00eb mas\u00eb ose model, n\u00eb var\u00ebsi t\u00eb disponueshm\u00ebris\u00eb.<\/div><div dir=\"auto\">\u2981 P\u00ebr t\u00eb k\u00ebrkuar nj\u00eb k\u00ebmbim, duhet t\u00eb na kontaktoni n\u00eb instagram ose n\u00eb email : <span style=\"color: #0000ff;\"><a style=\"color: #0000ff;\" href=\"mailto:info@dyfit.uk\" target=\"_blank\" rel=\"noopener\">info@dyfit.uk<\/a><\/span> brenda 24 or\u00ebve nga momenti i dor\u00ebzimit t\u00eb porosis\u00eb.<\/div><div dir=\"auto\">\u2981 Produktet duhet t\u00eb jen\u00eb t\u00eb pap\u00ebrdorura dhe n\u00eb gjendje origjinale, me t\u00eb gjitha etiketat t\u00eb paprekura.<\/div><div dir=\"auto\">\u2981 Ekipi yn\u00eb do t\u00eb shqyrtoj\u00eb n\u00ebse produkti p\u00ebrputhet me gjendjen n\u00eb t\u00eb cil\u00ebn \u00ebsht\u00eb bler\u00eb.<\/div><div dir=\"auto\">\u2981 N\u00ebse produkti tregon shenja p\u00ebrdorimi, d\u00ebmtimi ose modifikimi, k\u00ebrkesa p\u00ebr k\u00ebmbim nuk do t\u00eb aprovohet.<\/div><div dir=\"auto\">\u2981 N\u00ebse k\u00ebrkesa aprovohet, klienti do t\u00eb udh\u00ebzohet p\u00ebr t\u00eb d\u00ebrguar produktin mbrapsht (kosto q\u00eb mbulohen nga klienti).<\/div><div dir=\"auto\">\u2981 Pas pranimit dhe inspektimit t\u00eb produktit, do t\u00eb d\u00ebrgojm\u00eb produktin e ri n\u00eb k\u00ebmbim.<\/div><\/div>\t\t\t\t\t\t\t\t<\/div>\n\t\t\t\t\t<\/div>\n\t\t\t\t<\/div>\n\t\t\t\t<\/div>","protected":false},"excerpt":{"rendered":"<p>At DYFIT we aim to deliver pieces you\u2019ll love and wear often. Please read our policy carefully before placing your order. RETURN We do not accept returns! EXCHANGES \u2981 We offer exchanges in size or model, based on availability and subject to review.\u2981 To request an exchange, you must contact us at our Instagram page &hellip; <a href=\"https:\/\/dyfit.uk\/al\/return-exchange-policy\/\" class=\"more-link\">Read More <span class=\"screen-reader-text\">Politika e Kthimeve dhe K\u00ebmbimeve<\/span><\/a><\/p>","protected":false},"author":1,"featured_media":5570,"parent":0,"menu_order":0,"comment_status":"closed","ping_status":"closed","template":"","meta":{"footnotes":""},"class_list":["post-5569","page","type-page","status-publish","has-post-thumbnail","hentry"],"aioseo_notices":[],"_links":{"self":[{"href":"https:\/\/dyfit.uk\/al\/wp-json\/wp\/v2\/pages\/5569","targetHints":{"allow":["GET"]}}],"collection":[{"href":"https:\/\/dyfit.uk\/al\/wp-json\/wp\/v2\/pages"}],"about":[{"href":"https:\/\/dyfit.uk\/al\/wp-json\/wp\/v2\/types\/page"}],"author":[{"embeddable":true,"href":"https:\/\/dyfit.uk\/al\/wp-json\/wp\/v2\/users\/1"}],"replies":[{"embeddable":true,"href":"https:\/\/dyfit.uk\/al\/wp-json\/wp\/v2\/comments?post=5569"}],"version-history":[{"count":10,"href":"https:\/\/dyfit.uk\/al\/wp-json\/wp\/v2\/pages\/5569\/revisions"}],"predecessor-version":[{"id":5582,"href":"https:\/\/dyfit.uk\/al\/wp-json\/wp\/v2\/pages\/5569\/revisions\/5582"}],"wp:featuredmedia":[{"embeddable":true,"href":"https:\/\/dyfit.uk\/al\/wp-json\/wp\/v2\/media\/5570"}],"wp:attachment":[{"href":"https:\/\/dyfit.uk\/al\/wp-json\/wp\/v2\/media?parent=5569"}],"curies":[{"name":"wp","href":"https:\/\/api.w.org\/{rel}","templated":true}]}}